{"id":639,"date":"2023-03-25T11:49:12","date_gmt":"2023-03-25T10:49:12","guid":{"rendered":"https:\/\/wpcirculare.azurewebsites.net\/politica-de-privacidad\/"},"modified":"2023-06-08T10:53:41","modified_gmt":"2023-06-08T10:53:41","slug":"privacy-policy","status":"publish","type":"page","link":"https:\/\/circulare.es\/en\/privacy-policy\/","title":{"rendered":"Privacy policy"},"content":{"rendered":"\n<p>La presente Pol\u00edtica de Privacidad sobre el Tratamiento de Datos Personales ser\u00e1 aplicable a los usuarios web de la empresa <strong>Cirulare SL.<\/strong> a todas las personas f\u00edsicas que faciliten sus datos personales por cualquiera de las v\u00edas habilitadas.<\/p>\n\n<p><strong>RESPONSABLE DEL TRATAMIENTO Y DATOS DE CONTACTO<\/strong><\/p>\n\n<p><strong>Cirulare SL<\/strong> (en adelante, \u201cCIRCULARE\u201d)<\/p>\n\n<p><strong>Address:<\/strong> Ctra. de Soller Km. 8,2, camino de Son Reus, 07120 de Palma de Mallorca (Islas Baleares, Espa\u00f1a).<\/p>\n\n<p><strong>Correo electr\u00f3nico de contacto:<\/strong> lopd@circualare.com<\/p>\n\n<p><strong>Delegado de Protecci\u00f3n de Datos:<\/strong> lopd@circulare.com<\/p>\n\n<p><strong>DATOS OBJETO DE TRATAMIENTO<\/strong><\/p>\n\n<p>Adem\u00e1s, por el hecho de navegar en esta p\u00e1gina web y mediante el uso de cookies, CIRCULARE recaba datos de los usuarios (como el tipo de navegador utilizado, el sistema operativo o la direcci\u00f3n IP), con el objeto de mejorar su navegaci\u00f3n y gestionar de manera efectiva el portal.<\/p>\n\n<p>Adicionalmente, CIRCULARE. tratar\u00e1 los datos facilitados por los usuarios, como nombre, apellidos, email, etc., a trav\u00e9s de los distintos canales habilitados en la web o remitido a trav\u00e9s de las direcciones de correo electr\u00f3nico disponibles.<\/p>\n\n<p><strong>FINALIDADES Y LEGITIMACI\u00d3N DEL TRATAMIENTO<\/strong><\/p>\n\n<p>CIRCULARE tratar\u00e1 sus datos personales para las finalidades indicadas a continuaci\u00f3n:<\/p>\n\n<p>Gestionar las solicitudes de informaci\u00f3n y consultas remitidas por los usuarios a trav\u00e9s de los canales habilitados en la web, como el correo electr\u00f3nico o formularios web de contacto. Este tratamiento se legitima mediante el consentimiento otorgado por el interesado mediante la remisi\u00f3n del formulario. En caso de denuncias sobre el c\u00f3digo \u00e9tico comunicadas por esta v\u00eda, los datos de denuncia se tratan sobre el inter\u00e9s leg\u00edtimo de CIRCULARE en conocer y analizar posibles conductas contrarias a la normativa.<\/p>\n\n<ul class=\"wp-block-list\">\n<li>Valorar la candidatura de los interesados en formar parte de nuestro equipo y gestionar su participaci\u00f3n en los procesos de selecci\u00f3n, presentes o futuros. Este tratamiento se legitima mediante el consentimiento otorgado por el interesado mediante la remisi\u00f3n de su CV a trav\u00e9s del formulario web espec\u00edfico.<\/li>\n\n\n\n<li>Atender las solicitudes y reservas de visitas a nuestras instalaciones, legitimado mediante el consentimiento otorgado por el interesado mediante la remisi\u00f3n de su petici\u00f3n a trav\u00e9s del formulario web habilitado de visitas.<\/li>\n\n\n\n<li>Promocionar la actividad, eventos y proyectos de CIRCULARE a trav\u00e9s de la publicaci\u00f3n de im\u00e1genes en medios de comunicaci\u00f3n, internos y externos, como su galer\u00eda web y\/o noticias de inter\u00e9s. Dicho tratamiento se encuentra legitimado en el consentimiento mostrado por los interesados mediante la firma de la autorizaci\u00f3n correspondiente.<\/li>\n\n\n\n<li>Los datos recabados a trav\u00e9s de la utilizaci\u00f3n de cookies se tratar\u00e1n para permitir el efectivo funcionamiento de la p\u00e1gina web, basado en el inter\u00e9s leg\u00edtimo de la compa\u00f1\u00eda y en su consentimiento mostrado con la aceptaci\u00f3n de las mismas.<\/li>\n<\/ul>\n\n<p>Asimismo, se informa a los usuarios de nuestra p\u00e1gina web de la necesidad de facilitar todos los datos de car\u00e1cter obligatorio para poder cumplir con las finalidades anteriormente indicadas. En caso de que no nos facilite dichos datos, ello podr\u00e1 dar lugar a la imposibilidad por parte de CIRCULARE de cumplir con tales finalidades.<\/p>\n\n<p><strong>CONSERVACI\u00d3N DE LOS DATOS<\/strong><\/p>\n\n<p>Los datos personales proporcionados por los usuarios ser\u00e1n conservados durante el tiempo necesario, y en tanto resulten limitados y pertinentes, para cumplir de manera efectiva con las finalidades anteriormente indicadas.<\/p>\n\n<p>En particular, CIRCULARE conservar\u00e1 los datos personales remitidos por los usuarios mientras resulten necesarios para gestionar y atender las consultas planteadas (solicitudes de contacto, reserva de visitas, informaci\u00f3n&#8230;), siempre y cuando este no hubiese retirado su consentimiento o ejercitado sus derechos de supresi\u00f3n, cancelaci\u00f3n o limitaci\u00f3n del tratamiento.<\/p>\n\n<p>Los datos recabados a trav\u00e9s de procesos de selecci\u00f3n o candidaturas de empleo ser\u00e1n conservadas por el plazo de 2 a\u00f1os desde su recepci\u00f3n y, en todo caso, mientras el interesado no retire su consentimiento. Las im\u00e1genes y datos recabados de los interesados ser\u00e1n tratadas en tanto no sea retirado el consentimiento, y sigan resultando pertinentes y necesarias para la finalidad de promocionar la actividad de CIRCULARE.<\/p>\n\n<p>En cuanto a la conservaci\u00f3n de la informaci\u00f3n relativa a los datos de navegaci\u00f3n y cookies, puede obtener m\u00e1s informaci\u00f3n en nuestra <a href=\"https:\/\/www.tirme.com\/00_politica_cookies.php\" target=\"_blank\" rel=\"noopener\">Pol\u00edtica de cookies<\/a>.<\/p>\n\n<p><strong>COMUNICACI\u00d3N Y TRANSFERENCIAS INTERNACIONALES DE DATOS<\/strong><\/p>\n\n<p>CIRCULARE no comunicar\u00e1 datos personales de los usuarios a terceros salvo que ello resulte necesario por obligaci\u00f3n legal o exista el consentimiento previo del interesado.<\/p>\n\n<p>Asimismo, no se ha previsto la realizaci\u00f3n de transferencias internacionales de datos personales, sin perjuicio de que la informaci\u00f3n recabada por cookies de terceros pueda ser objeto de este tipo de operaciones. Puede obtener m\u00e1s informaci\u00f3n acerca de estas transferencias en nuestra Pol\u00edtica de Cookies.<\/p>\n\n<p>En el caso de que fuese necesario realizar una transferencia internacional de datos, CIRCULARE se compromete al cumplimiento de las medidas t\u00e9cnicas y organizativas necesarias, sin perjuicio de las obligaciones derivadas de la normativa vigente en materia de protecci\u00f3n de datos.<\/p>\n\n<p><strong>EJERCICIO DE DERECHOS<\/strong><\/p>\n\n<p>En cualquier momento, los usuarios podr\u00e1n ejercer los siguientes derechos reconocidos por la normativa vigente de protecci\u00f3n de datos:<\/p>\n\n<ul class=\"wp-block-list\">\n<li>Derecho de Acceso: permite al usuario conocer qu\u00e9 informaci\u00f3n se tiene, de d\u00f3nde se ha obtenido, a qui\u00e9n se ha facilitado y con qu\u00e9 usos se ha tratado.<\/li>\n\n\n\n<li>Derecho de Rectificaci\u00f3n: permite al usuario rectificar alg\u00fan dato err\u00f3neo o desactualizado.<\/li>\n\n\n\n<li>Derecho de Supresi\u00f3n: permite al usuario solicitar que se dejen de tratar sus datos.<\/li>\n\n\n\n<li>Derecho de Limitaci\u00f3n: permite al usuario restringir el tratamiento de sus datos, pero de forma que sean conservados para alguna finalidad posterior (una reclamaci\u00f3n judicial, por ejemplo).<\/li>\n\n\n\n<li>Derecho de Portabilidad: permite al usuario obtener una copia de sus datos en forma electr\u00f3nica y, en determinadas circunstancias, solicitar que sean comunicados a otro prestador de servicios.<\/li>\n\n\n\n<li>Derecho de Oposici\u00f3n: permite al usuario oponerse al inter\u00e9s leg\u00edtimo de CIRCULARE para solicitar el cese del tratamiento de sus datos.<\/li>\n\n\n\n<li>Derecho a Retirar el Consentimiento, en cualquier momento, respecto del tratamiento de sus datos personales, sin que ello afecte a la licitud del mismo.<\/li>\n<\/ul>\n\n<p>Podr\u00e1 ejercer estos derechos mediante correo postal a la direcci\u00f3n Ctra. de Soller Km. 8,2, camino de Son Reus, 07120 de Palma de Mallorca (Islas Baleares, Espa\u00f1a) o a trav\u00e9s de la direcci\u00f3n de correo electr\u00f3nico lopd@CIRCULARE.com indicando qu\u00e9 derecho desea ejercitar y aportando su DNI o documento acreditativo de su identidad similar. Asimismo, puede contactar en las anteriores direcciones con el Delegado de Protecci\u00f3n de Datos de CIRCULARE.<\/p>\n\n<p>En caso de no haber obtenido una respuesta satisfactoria a su ejercicio de derechos, se le informa de que puede presentar una reclamaci\u00f3n ante la Agencia Espa\u00f1ola de Protecci\u00f3n de Datos, a trav\u00e9s de su <a href=\"https:\/\/www.aepd.es\/es\" target=\"_blank\" rel=\"noopener\">p\u00e1gina web<\/a>.<\/p>\n\n<p><strong>MEDIDAS DE SEGURIDAD<\/strong><\/p>\n\n<p>CIRCULARE ha adoptado las medidas t\u00e9cnicas y organizativas apropiadas para garantizar un nivel de seguridad adecuado a los datos personales que trata y ha implantado otros medios y medidas t\u00e9cnicas adicionales a su alcance para evitar su p\u00e9rdida, alteraci\u00f3n, tratamiento o acceso no autorizado a los datos de sus usuarios.<\/p>\n\n<p><strong>MODIFICACI\u00d3N DE LA POL\u00cdTICA DE PRIVACIDAD<\/strong><\/p>\n\n<p>CIRCULARE se reserva el derecho a modificar la presente Pol\u00edtica de Privacidad, siempre de acuerdo con los t\u00e9rminos permitidos por la legislaci\u00f3n espa\u00f1ola vigente y con la correspondiente comunicaci\u00f3n a los usuarios, mediante la publicaci\u00f3n en esta p\u00e1gina web o por cualquier otro medio de comunicaci\u00f3n o difusi\u00f3n que se considere oportuno.<\/p>\n","protected":false},"excerpt":{"rendered":"<p>La presente Pol\u00edtica de Privacidad sobre el Tratamiento de Datos Personales ser\u00e1 aplicable a los usuarios web de la empresa Cirulare SL. a todas las personas f\u00edsicas que faciliten sus datos personales por cualquiera de las v\u00edas habilitadas. RESPONSABLE DEL TRATAMIENTO Y DATOS DE CONTACTO Cirulare SL (en adelante, \u201cCIRCULARE\u201d) Address: Ctra. de Soller Km. [&hellip;]<\/p>\n","protected":false},"author":1,"featured_media":0,"parent":0,"menu_order":1100,"comment_status":"closed","ping_status":"closed","template":"","meta":{"_acf_changed":false,"footnotes":""},"class_list":["post-639","page","type-page","status-publish","hentry"],"acf":[],"_links":{"self":[{"href":"https:\/\/circulare.es\/en\/wp-json\/wp\/v2\/pages\/639","targetHints":{"allow":["GET"]}}],"collection":[{"href":"https:\/\/circulare.es\/en\/wp-json\/wp\/v2\/pages"}],"about":[{"href":"https:\/\/circulare.es\/en\/wp-json\/wp\/v2\/types\/page"}],"author":[{"embeddable":true,"href":"https:\/\/circulare.es\/en\/wp-json\/wp\/v2\/users\/1"}],"replies":[{"embeddable":true,"href":"https:\/\/circulare.es\/en\/wp-json\/wp\/v2\/comments?post=639"}],"version-history":[{"count":4,"href":"https:\/\/circulare.es\/en\/wp-json\/wp\/v2\/pages\/639\/revisions"}],"predecessor-version":[{"id":1052,"href":"https:\/\/circulare.es\/en\/wp-json\/wp\/v2\/pages\/639\/revisions\/1052"}],"wp:attachment":[{"href":"https:\/\/circulare.es\/en\/wp-json\/wp\/v2\/media?parent=639"}],"curies":[{"name":"wp","href":"https:\/\/api.w.org\/{rel}","templated":true}]}}