{"id":1297,"date":"2024-04-30T18:54:03","date_gmt":"2024-04-30T16:54:03","guid":{"rendered":"https:\/\/wpcirculare.azurewebsites.net\/?page_id=1297"},"modified":"2024-10-16T09:50:31","modified_gmt":"2024-10-16T07:50:31","slug":"aviso-legal","status":"publish","type":"page","link":"https:\/\/circulare.es\/en\/aviso-legal\/","title":{"rendered":"Aviso Legal"},"content":{"rendered":"\n<p>En el presente aviso legal se detalla la informaci\u00f3n legal sobre CIRCULARE S.L. (en adelante, LA ENTIDAD), y se establecen las condiciones generales de acceso y uso de la presente p\u00e1gina web.<\/p>\n\n\n\n<p><strong>Qui\u00e9nes somos<\/strong><strong><\/strong><\/p>\n\n\n\n<p>Asimismo, se informa a todos los usuarios acerca de las condiciones de acceso y uso del Sitio Web, incluidos sus contenidos y servicios, que deber\u00e1n ser le\u00eddas detenidamente y resultar\u00e1n de aplicaci\u00f3n, junto con otras condiciones particulares que pudieran ser expuestas al Usuario, durante la prestaci\u00f3n de los servicios.<\/p>\n\n\n\n<p>Titular: CIRCULARE S.L.<\/p>\n\n\n\n<p>CIF B57017170<\/p>\n\n\n\n<p>Domicilio social: Ctra. de S\u00f3ller Km. 8,2, camino de Son Reus, 07120 de Palma de Mallorca (Islas Baleares, Espa\u00f1a).<\/p>\n\n\n\n<p>E-mail: info@circulare.es<\/p>\n\n\n\n<p>Registro Mercantil: Tomo 1743. Folio 136. Hoja Registral PM-35.300<\/p>\n\n\n\n<p><strong>T\u00e9rminos y condiciones generales de acceso y uso de la P\u00e1gina<\/strong><strong><\/strong><\/p>\n\n\n\n<p>A continuaci\u00f3n, se detallan los t\u00e9rminos y condiciones generales de acceso y uso de la P\u00e1gina (en adelante, \u201ccondiciones generales de uso\u201d).&nbsp;<\/p>\n\n\n\n<p>LA ENTIDAD se reserva el derecho a modificar, total o parcialmente, de manera unilateral y sin necesidad de previo aviso al Usuario, las presentes condiciones generales de uso, as\u00ed como la presentaci\u00f3n y configuraci\u00f3n de la P\u00e1gina.<\/p>\n\n\n\n<p><strong>Usuario<\/strong><strong><\/strong><\/p>\n\n\n\n<p>La utilizaci\u00f3n de esta P\u00e1gina atribuye a quien accede la condici\u00f3n de Usuario. La utilizaci\u00f3n y acceso por parte del Usuario a la P\u00e1gina supone una aceptaci\u00f3n plena y sin reservas de las condiciones generales de uso publicadas por LA ENTIDAD.<\/p>\n\n\n\n<p><strong>Accesibilidad<\/strong><strong><\/strong><\/p>\n\n\n\n<p>El acceso a esta p\u00e1gina tiene car\u00e1cter gratuito y su visualizaci\u00f3n no requiere previa suscripci\u00f3n o registro alguno.<\/p>\n\n\n\n<p>El Usuario acepta de forma expresa y sin excepciones que el acceso y utilizaci\u00f3n de la presente P\u00e1gina, de sus servicios y de los contenidos de dichos servicios tiene lugar bajo su \u00fanica responsabilidad.<\/p>\n\n\n\n<p><strong>Condiciones de uso<\/strong><strong><\/strong><\/p>\n\n\n\n<p>El Usuario se obliga a no utilizar la P\u00e1gina para la realizaci\u00f3n de actividades contrarias a las leyes, a la moral, al orden p\u00fablico y, en general, a hacer un uso conforme a las condiciones establecidas en el presente aviso legal. Asimismo, se obliga a no realizar actividades publicitarias o de explotaci\u00f3n comercial remitiendo mensajes que utilicen una identidad falsa.<\/p>\n\n\n\n<p>El Usuario es el \u00fanico responsable de la veracidad, exactitud y licitud de los datos y de los contenidos que introduzca en la P\u00e1gina, sea cual sea la funcionalidad de la que haga uso. LA ENTIDAD, queda exonerada de toda responsabilidad respecto de los datos inexactos o incompletos y los contenidos il\u00edcitos que hayan sido proporcionados, enviados y\/o publicados por el Usuario, actuando exclusivamente como responsable de la P\u00e1gina sobre sus propios servicios.<\/p>\n\n\n\n<p>La utilizaci\u00f3n de la P\u00e1gina en t\u00e9rminos contrarios a lo establecido en el presente aviso legal, faculta a LA ENTIDAD a interrumpir el servicio de la P\u00e1gina, denegando el acceso y uso de la misma al Usuario en cualquier momento y sin necesidad de previo aviso.&nbsp;<\/p>\n\n\n\n<p><strong>Propiedad intelectual e industrial<\/strong><strong><\/strong><\/p>\n\n\n\n<p>La totalidad de esta P\u00e1gina, que incluye, entre otros, texto, im\u00e1genes, marcas, gr\u00e1ficos, logotipos, botones, archivos de software, combinaciones de colores, as\u00ed como la estructura, selecci\u00f3n, ordenaci\u00f3n y presentaci\u00f3n de sus contenidos, se encuentra protegida por las leyes sobre Propiedad Intelectual e Industrial.<\/p>\n\n\n\n<p>Queda prohibida la reproducci\u00f3n, retransmisi\u00f3n, copia, cesi\u00f3n o redifusi\u00f3n, total o parcial, de la informaci\u00f3n contenida en la P\u00e1gina, cualquiera que fuera su finalidad y el medio utilizado para ello, sin autorizaci\u00f3n previa de LA ENTIDAD.<\/p>\n\n\n\n<p>LA ENTIDAD no garantiza que los contenidos sean precisos o libres de error o que el libre uso de los mismos por el usuario no infrinja los derechos de terceras partes. El buen o mal uso de esta p\u00e1gina y de sus contenidos est\u00e1 bajo la responsabilidad del Usuario.<\/p>\n\n\n\n<p>LA ENTIDAD podr\u00e1 ejercer todas las acciones administrativas, civiles o penales que le correspondan en caso de infracci\u00f3n de estos derechos por parte del Usuario.<\/p>\n\n\n\n<p><strong>Enlaces o links<\/strong><strong><\/strong><\/p>\n\n\n\n<p>La P\u00e1gina puede incluir enlaces o links a sitios web de terceros. Las p\u00e1ginas pertenecientes a terceros no son objeto de control por parte de LA ENTIDAD, por lo que el Usuario reconoce y acepta que LA ENTIDAD no es responsable de los contenidos ni de los servicios a los que el Usuario tenga acceso por medio de dichas p\u00e1ginas, ni de las medidas que se adopten en relaci\u00f3n al tratamiento de sus datos personales.<\/p>\n\n\n\n<p><strong>Garant\u00edas y responsabilidades<\/strong><strong><\/strong><\/p>\n\n\n\n<p>A t\u00edtulo enunciativo y no limitativo LA ENTIDAD no se hace responsable directa ni subsidiariamente de:<\/p>\n\n\n\n<ul class=\"wp-block-list\">\n<li>Los da\u00f1os y perjuicios de toda naturaleza que puedan derivarse de la falta de disponibilidad o continuidad del funcionamiento de la P\u00e1gina.<\/li>\n\n\n\n<li>Los posibles da\u00f1os o perjuicios que se pudieran derivar de interferencias, omisiones, interrupciones, virus inform\u00e1ticos, aver\u00edas telef\u00f3nicas o desconexiones en el funcionamiento operativo de este sistema electr\u00f3nico, motivadas por causas ajenas a LA ENTIDAD;<\/li>\n\n\n\n<li>Los da\u00f1os que puedan causarse en los equipos del Usuario por la utilizaci\u00f3n de la P\u00e1gina.<\/li>\n\n\n\n<li>Los da\u00f1os y perjuicios de toda clase que puedan producirse como consecuencia de la informaci\u00f3n ofrecida por el Usuario o terceras personas a trav\u00e9s de la P\u00e1gina.<\/li>\n<\/ul>\n\n\n\n<p>Asimismo, LA ENTIDAD queda exonerada de toda responsabilidad respecto de los datos inexactos o incompletos y los contenidos il\u00edcitos que hayan sido proporcionados, enviados y\/o publicados por el Usuario o por terceros, actuando exclusivamente como responsable de la P\u00e1gina sobre sus propios servicios.<\/p>\n\n\n\n<p><strong>Protecci\u00f3n de datos<\/strong><strong><\/strong><\/p>\n\n\n\n<p>Le informamos de que sus datos personales ser\u00e1n tratados de conformidad con la normativa en materia de protecci\u00f3n de datos. Puede consultar informaci\u00f3n adicional sobre c\u00f3mo tratamos sus datos personales en nuestra <a href=\"https:\/\/wpcirculare.azurewebsites.net\/politica-de-privacidad\/\" target=\"_blank\" rel=\"noopener\">Pol\u00edtica de privacidad<\/a><em>.<\/em><\/p>\n\n\n\n<p><strong>Uso de cookies<\/strong><strong><\/strong><\/p>\n\n\n\n<p>La P\u00e1gina puede utilizar cookies para llevar a cabo determinadas funciones que son consideradas imprescindibles para su correcto funcionamiento, as\u00ed como, entre otras, para la visualizaci\u00f3n del contenido ofrecido y prestaci\u00f3n de servicios solicitados por el Usuario. Puede encontrar m\u00e1s informaci\u00f3n sobre las cookies que utilizamos en nuestra <a href=\"https:\/\/wpcirculare.azurewebsites.net\/politica-de-cookies\/\" target=\"_blank\" rel=\"noopener\">Pol\u00edtica de cookies<\/a><em>.<\/em><\/p>\n\n\n\n<p><strong>Nulidad<\/strong><strong><\/strong><\/p>\n\n\n\n<p>Si alguna de las cl\u00e1usulas descritas en las condiciones generales de uso fuese declarada nula y sin efecto, permanecer\u00e1n en vigor las restantes, sin que deban quedar afectadas por la declaraci\u00f3n de nulidad.<\/p>\n\n\n\n<p><strong>Ley aplicable y jurisdicci\u00f3n<\/strong><strong><\/strong><\/p>\n\n\n\n<p>Los t\u00e9rminos de la P\u00e1gina se interpretar\u00e1n y est\u00e1n sujetos conforme a la legislaci\u00f3n espa\u00f1ola.<\/p>\n\n\n\n<p>Para cualquier cuesti\u00f3n litigiosa derivada de la existencia, acceso, utilizaci\u00f3n o contenido de las condiciones generales de uso de la P\u00e1gina, tanto el Usuario como LA ENTIDAD, con renuncia expresa a cualquier otro fuero que pudiera corresponderles, se somete a la jurisdicci\u00f3n y competencia exclusiva de los Juzgados y Tribunales de ciudad de Palma de Mallorca (Islas Baleares, Espa\u00f1a).<\/p>\n\n\n\n<p>Fecha de \u00faltima modificaci\u00f3n: <strong>30\/04\/2024<\/strong><strong><\/strong><\/p>\n","protected":false},"excerpt":{"rendered":"<p>En el presente aviso legal se detalla la informaci\u00f3n legal sobre CIRCULARE S.L. (en adelante, LA ENTIDAD), y se establecen las condiciones generales de acceso y uso de la presente p\u00e1gina web. Qui\u00e9nes somos Asimismo, se informa a todos los usuarios acerca de las condiciones de acceso y uso del Sitio Web, incluidos sus contenidos [&hellip;]<\/p>\n","protected":false},"author":1,"featured_media":0,"parent":0,"menu_order":0,"comment_status":"closed","ping_status":"closed","template":"","meta":{"_acf_changed":false,"footnotes":""},"class_list":["post-1297","page","type-page","status-publish","hentry"],"acf":[],"_links":{"self":[{"href":"https:\/\/circulare.es\/en\/wp-json\/wp\/v2\/pages\/1297","targetHints":{"allow":["GET"]}}],"collection":[{"href":"https:\/\/circulare.es\/en\/wp-json\/wp\/v2\/pages"}],"about":[{"href":"https:\/\/circulare.es\/en\/wp-json\/wp\/v2\/types\/page"}],"author":[{"embeddable":true,"href":"https:\/\/circulare.es\/en\/wp-json\/wp\/v2\/users\/1"}],"replies":[{"embeddable":true,"href":"https:\/\/circulare.es\/en\/wp-json\/wp\/v2\/comments?post=1297"}],"version-history":[{"count":5,"href":"https:\/\/circulare.es\/en\/wp-json\/wp\/v2\/pages\/1297\/revisions"}],"predecessor-version":[{"id":1785,"href":"https:\/\/circulare.es\/en\/wp-json\/wp\/v2\/pages\/1297\/revisions\/1785"}],"wp:attachment":[{"href":"https:\/\/circulare.es\/en\/wp-json\/wp\/v2\/media?parent=1297"}],"curies":[{"name":"wp","href":"https:\/\/api.w.org\/{rel}","templated":true}]}}